{"id":21905,"date":"2023-07-28T10:39:54","date_gmt":"2023-07-28T08:39:54","guid":{"rendered":"https:\/\/promo.dev.sbb-immobilien.ch\/home\/"},"modified":"2023-12-01T12:25:07","modified_gmt":"2023-12-01T11:25:07","slug":"home","status":"publish","type":"page","link":"https:\/\/promo.dev.sbb-immobilien.ch\/fr\/","title":{"rendered":"Home"},"content":{"rendered":"","protected":false},"excerpt":{"rendered":"","protected":false},"author":1,"featured_media":0,"parent":0,"menu_order":0,"comment_status":"closed","ping_status":"closed","template":"templates\/home.php","meta":{"_acf_changed":false,"inline_featured_image":false,"footnotes":""},"class_list":["post-21905","page","type-page","status-publish","hentry"],"acf":[],"yoast_head":"<!-- This site is optimized with the Yoast SEO Premium plugin v25.3 (Yoast SEO v27.3) - https:\/\/yoast.com\/product\/yoast-seo-premium-wordpress\/ -->\n<title>Stands et campagnes de distribution au c\u0153ur de la mobilit\u00e9.<\/title>\n<meta name=\"description\" content=\"Nous louons et g\u00e9rons un grand nombre d&#039;espaces de distribution et de stands. Ainsi, il est possible de r\u00e9aliser simplement des mesures sur l&#039;ensemble du territoire suisse.\" \/>\n<meta name=\"robots\" content=\"noindex, follow, max-snippet:-1, max-image-preview:large, max-video-preview:-1\" \/>\n<meta property=\"og:locale\" content=\"fr_FR\" \/>\n<meta property=\"og:type\" content=\"article\" \/>\n<meta property=\"og:title\" content=\"Home\" \/>\n<meta property=\"og:description\" content=\"Nous louons et g\u00e9rons un grand nombre d&#039;espaces de distribution et de stands. Ainsi, il est possible de r\u00e9aliser simplement des mesures sur l&#039;ensemble du territoire suisse.\" \/>\n<meta property=\"og:url\" content=\"https:\/\/promo.dev.sbb-immobilien.ch\/fr\/\" \/>\n<meta property=\"og:site_name\" content=\"CFF Immobilier Promotions\" \/>\n<meta property=\"article:modified_time\" content=\"2023-12-01T11:25:07+00:00\" \/>\n<meta name=\"twitter:card\" content=\"summary_large_image\" \/>\n<script type=\"application\/ld+json\" class=\"yoast-schema-graph\">{\"@context\":\"https:\\\/\\\/schema.org\",\"@graph\":[{\"@type\":\"WebPage\",\"@id\":\"https:\\\/\\\/promo.dev.sbb-immobilien.ch\\\/fr\\\/\",\"url\":\"https:\\\/\\\/promo.dev.sbb-immobilien.ch\\\/fr\\\/\",\"name\":\"Stands et campagnes de distribution au c\u0153ur de la mobilit\u00e9.\",\"isPartOf\":{\"@id\":\"https:\\\/\\\/promo.dev.sbb-immobilien.ch\\\/fr\\\/#website\"},\"datePublished\":\"2023-07-28T08:39:54+00:00\",\"dateModified\":\"2023-12-01T11:25:07+00:00\",\"description\":\"Nous louons et g\u00e9rons un grand nombre d'espaces de distribution et de stands. Ainsi, il est possible de r\u00e9aliser simplement des mesures sur l'ensemble du territoire suisse.\",\"breadcrumb\":{\"@id\":\"https:\\\/\\\/promo.dev.sbb-immobilien.ch\\\/fr\\\/#breadcrumb\"},\"inLanguage\":\"fr-FR\",\"potentialAction\":[{\"@type\":\"ReadAction\",\"target\":[\"https:\\\/\\\/promo.dev.sbb-immobilien.ch\\\/fr\\\/\"]}]},{\"@type\":\"BreadcrumbList\",\"@id\":\"https:\\\/\\\/promo.dev.sbb-immobilien.ch\\\/fr\\\/#breadcrumb\",\"itemListElement\":[{\"@type\":\"ListItem\",\"position\":1,\"name\":\"Home\",\"item\":\"https:\\\/\\\/promo.dev.sbb-immobilien.ch\\\/fr\\\/\"},{\"@type\":\"ListItem\",\"position\":2,\"name\":\"Home\"}]},{\"@type\":\"WebSite\",\"@id\":\"https:\\\/\\\/promo.dev.sbb-immobilien.ch\\\/fr\\\/#website\",\"url\":\"https:\\\/\\\/promo.dev.sbb-immobilien.ch\\\/fr\\\/\",\"name\":\"CFF Immobilier Promotions\",\"description\":\"\",\"potentialAction\":[{\"@type\":\"SearchAction\",\"target\":{\"@type\":\"EntryPoint\",\"urlTemplate\":\"https:\\\/\\\/promo.dev.sbb-immobilien.ch\\\/fr\\\/?s={search_term_string}\"},\"query-input\":{\"@type\":\"PropertyValueSpecification\",\"valueRequired\":true,\"valueName\":\"search_term_string\"}}],\"inLanguage\":\"fr-FR\"}]}<\/script>\n<!-- \/ Yoast SEO Premium plugin. -->","yoast_head_json":{"title":"Stands et campagnes de distribution au c\u0153ur de la mobilit\u00e9.","description":"Nous louons et g\u00e9rons un grand nombre d'espaces de distribution et de stands. Ainsi, il est possible de r\u00e9aliser simplement des mesures sur l'ensemble du territoire suisse.","robots":{"index":"noindex","follow":"follow","max-snippet":"max-snippet:-1","max-image-preview":"max-image-preview:large","max-video-preview":"max-video-preview:-1"},"og_locale":"fr_FR","og_type":"article","og_title":"Home","og_description":"Nous louons et g\u00e9rons un grand nombre d'espaces de distribution et de stands. Ainsi, il est possible de r\u00e9aliser simplement des mesures sur l'ensemble du territoire suisse.","og_url":"https:\/\/promo.dev.sbb-immobilien.ch\/fr\/","og_site_name":"CFF Immobilier Promotions","article_modified_time":"2023-12-01T11:25:07+00:00","twitter_card":"summary_large_image","schema":{"@context":"https:\/\/schema.org","@graph":[{"@type":"WebPage","@id":"https:\/\/promo.dev.sbb-immobilien.ch\/fr\/","url":"https:\/\/promo.dev.sbb-immobilien.ch\/fr\/","name":"Stands et campagnes de distribution au c\u0153ur de la mobilit\u00e9.","isPartOf":{"@id":"https:\/\/promo.dev.sbb-immobilien.ch\/fr\/#website"},"datePublished":"2023-07-28T08:39:54+00:00","dateModified":"2023-12-01T11:25:07+00:00","description":"Nous louons et g\u00e9rons un grand nombre d'espaces de distribution et de stands. Ainsi, il est possible de r\u00e9aliser simplement des mesures sur l'ensemble du territoire suisse.","breadcrumb":{"@id":"https:\/\/promo.dev.sbb-immobilien.ch\/fr\/#breadcrumb"},"inLanguage":"fr-FR","potentialAction":[{"@type":"ReadAction","target":["https:\/\/promo.dev.sbb-immobilien.ch\/fr\/"]}]},{"@type":"BreadcrumbList","@id":"https:\/\/promo.dev.sbb-immobilien.ch\/fr\/#breadcrumb","itemListElement":[{"@type":"ListItem","position":1,"name":"Home","item":"https:\/\/promo.dev.sbb-immobilien.ch\/fr\/"},{"@type":"ListItem","position":2,"name":"Home"}]},{"@type":"WebSite","@id":"https:\/\/promo.dev.sbb-immobilien.ch\/fr\/#website","url":"https:\/\/promo.dev.sbb-immobilien.ch\/fr\/","name":"CFF Immobilier Promotions","description":"","potentialAction":[{"@type":"SearchAction","target":{"@type":"EntryPoint","urlTemplate":"https:\/\/promo.dev.sbb-immobilien.ch\/fr\/?s={search_term_string}"},"query-input":{"@type":"PropertyValueSpecification","valueRequired":true,"valueName":"search_term_string"}}],"inLanguage":"fr-FR"}]}},"_links":{"self":[{"href":"https:\/\/promo.dev.sbb-immobilien.ch\/fr\/wp-json\/wp\/v2\/pages\/21905","targetHints":{"allow":["GET"]}}],"collection":[{"href":"https:\/\/promo.dev.sbb-immobilien.ch\/fr\/wp-json\/wp\/v2\/pages"}],"about":[{"href":"https:\/\/promo.dev.sbb-immobilien.ch\/fr\/wp-json\/wp\/v2\/types\/page"}],"author":[{"embeddable":true,"href":"https:\/\/promo.dev.sbb-immobilien.ch\/fr\/wp-json\/wp\/v2\/users\/1"}],"replies":[{"embeddable":true,"href":"https:\/\/promo.dev.sbb-immobilien.ch\/fr\/wp-json\/wp\/v2\/comments?post=21905"}],"version-history":[{"count":0,"href":"https:\/\/promo.dev.sbb-immobilien.ch\/fr\/wp-json\/wp\/v2\/pages\/21905\/revisions"}],"wp:attachment":[{"href":"https:\/\/promo.dev.sbb-immobilien.ch\/fr\/wp-json\/wp\/v2\/media?parent=21905"}],"curies":[{"name":"wp","href":"https:\/\/api.w.org\/{rel}","templated":true}]}}